{"id":2,"date":"2021-03-22T21:39:29","date_gmt":"2021-03-22T20:39:29","guid":{"rendered":"http:\/\/emstudio.fr\/?page_id=2"},"modified":"2025-02-24T03:07:24","modified_gmt":"2025-02-24T02:07:24","slug":"page-d-exemple","status":"publish","type":"page","link":"https:\/\/emstudio.fr\/index.php\/page-d-exemple\/","title":{"rendered":"Qui je suis"},"content":{"rendered":"\t\t<div data-elementor-type=\"wp-page\" data-elementor-id=\"2\" class=\"elementor elementor-2\">\n\t\t\t\t\t\t<section class=\"elementor-section elementor-top-section elementor-element elementor-element-8b54a23 elementor-section-boxed elementor-section-height-default elementor-section-height-default\" data-id=\"8b54a23\" data-element_type=\"section\">\n\t\t\t\t\t\t<div class=\"elementor-container elementor-column-gap-default\">\n\t\t\t\t\t<div class=\"elementor-column elementor-col-33 elementor-top-column elementor-element elementor-element-bd97208\" data-id=\"bd97208\" data-element_type=\"column\">\n\t\t\t<div class=\"elementor-widget-wrap elementor-element-populated\">\n\t\t\t\t\t\t<div class=\"elementor-element elementor-element-88a0d20 e-transform elementor-widget elementor-widget-image\" data-id=\"88a0d20\" data-element_type=\"widget\" data-settings=\"{&quot;_transform_scale_effect&quot;:{&quot;unit&quot;:&quot;px&quot;,&quot;size&quot;:1.4,&quot;sizes&quot;:[]},&quot;_transform_scale_effect_tablet&quot;:{&quot;unit&quot;:&quot;px&quot;,&quot;size&quot;:&quot;&quot;,&quot;sizes&quot;:[]},&quot;_transform_scale_effect_mobile&quot;:{&quot;unit&quot;:&quot;px&quot;,&quot;size&quot;:&quot;&quot;,&quot;sizes&quot;:[]}}\" data-widget_type=\"image.default\">\n\t\t\t\t<div class=\"elementor-widget-container\">\n\t\t\t\t\t\t\t\t\t\t\t\t\t\t\t<img fetchpriority=\"high\" decoding=\"async\" width=\"408\" height=\"612\" src=\"https:\/\/i0.wp.com\/emstudio.fr\/wp-content\/uploads\/2023\/10\/photo-presentation.png?fit=408%2C612&amp;ssl=1\" class=\"attachment-large size-large wp-image-591\" alt=\"\" srcset=\"https:\/\/i0.wp.com\/emstudio.fr\/wp-content\/uploads\/2023\/10\/photo-presentation.png?w=408&amp;ssl=1 408w, https:\/\/i0.wp.com\/emstudio.fr\/wp-content\/uploads\/2023\/10\/photo-presentation.png?resize=200%2C300&amp;ssl=1 200w, https:\/\/i0.wp.com\/emstudio.fr\/wp-content\/uploads\/2023\/10\/photo-presentation.png?resize=77%2C116&amp;ssl=1 77w\" sizes=\"100vw\" \/>\t\t\t\t\t\t\t\t\t\t\t\t\t\t\t<\/div>\n\t\t\t\t<\/div>\n\t\t\t\t\t<\/div>\n\t\t<\/div>\n\t\t\t\t<div class=\"elementor-column elementor-col-66 elementor-top-column elementor-element elementor-element-a3461ee\" data-id=\"a3461ee\" data-element_type=\"column\">\n\t\t\t<div class=\"elementor-widget-wrap elementor-element-populated\">\n\t\t\t\t\t\t<div class=\"elementor-element elementor-element-3ec5e1d elementor-widget elementor-widget-text-editor\" data-id=\"3ec5e1d\" data-element_type=\"widget\" data-widget_type=\"text-editor.default\">\n\t\t\t\t<div class=\"elementor-widget-container\">\n\t\t\t\t\t\t\t\t\t<p>\u00a0<\/p><p><span style=\"caret-color: #fffbfb; color: #fffbfb;\"><u><b>1999<\/b><\/u><\/span><\/p><p><span style=\"caret-color: #fffbfb; color: #fffbfb;\">Apr\u00e8s des \u00e9tudes sup\u00e9rieures en acoustique et sonorisation, j&rsquo;ai int\u00e9gr\u00e9 Alouette, 1\u00e8re radio r\u00e9gionale de France, en septembre 1999 en tant que responsable de la programmation publicitaire.<\/span><\/p><p><span style=\"caret-color: #fffbfb; color: #fffbfb;\"><b><u>2009<\/u><\/b><\/span><\/p><p><span style=\"caret-color: #ffffff; color: #ffffff;\">En parall\u00e8le, j&rsquo;ai cr\u00e9\u00e9 ma micro-entreprise, sp\u00e9cialis\u00e9e en sonorisation et enregistrement, sous le statut d&rsquo;auto-entrepreneur.<\/span><span style=\"caret-color: #fffbfb; color: #fffbfb;\">\u00a0<\/span><\/p><p><span style=\"caret-color: #ffffff; color: #ffffff;\"><b><u>2014<\/u><\/b><\/span><\/p><p><span style=\"caret-color: #ffffff; color: #ffffff;\">J&rsquo;ai suivi une formation sur le tournage, le montage et l&rsquo;\u00e9talonnage vid\u00e9o \u00e0 Paris pour \u00a0ajouter la r\u00e9alisation vid\u00e9o au savoir faire de mon entrepse.<\/span><\/p><p><span style=\"text-decoration: underline;\"><strong>2024<\/strong><\/span><\/p><p>J&rsquo;ai suivi une formation de t\u00e9l\u00e9pilote de drone pour obtenir le CATS afin de pouvoir effectuer des prises de vues a\u00e9riennes en toute l\u00e9galit\u00e9.<\/p>\t\t\t\t\t\t\t\t<\/div>\n\t\t\t\t<\/div>\n\t\t\t\t<div class=\"elementor-element elementor-element-6179ee4 elementor-widget elementor-widget-spacer\" data-id=\"6179ee4\" data-element_type=\"widget\" data-widget_type=\"spacer.default\">\n\t\t\t\t<div class=\"elementor-widget-container\">\n\t\t\t\t\t\t\t<div class=\"elementor-spacer\">\n\t\t\t<div class=\"elementor-spacer-inner\"><\/div>\n\t\t<\/div>\n\t\t\t\t\t\t<\/div>\n\t\t\t\t<\/div>\n\t\t\t\t\t<\/div>\n\t\t<\/div>\n\t\t\t\t\t<\/div>\n\t\t<\/section>\n\t\t\t\t<\/div>\n\t\t","protected":false},"excerpt":{"rendered":"<p>\u00a0 1999 Apr\u00e8s des \u00e9tudes sup\u00e9rieures en acoustique et sonorisation, j&rsquo;ai int\u00e9gr\u00e9 Alouette, 1\u00e8re radio r\u00e9gionale de France, en septembre 1999 en tant que responsable de la programmation publicitaire. 2009 En parall\u00e8le, j&rsquo;ai cr\u00e9\u00e9 ma micro-entreprise, sp\u00e9cialis\u00e9e en sonorisation et enregistrement, sous le statut d&rsquo;auto-entrepreneur.\u00a0 2014 J&rsquo;ai suivi une formation sur le tournage, le montage &hellip; <\/p>\n<p class=\"link-more\"><a href=\"https:\/\/emstudio.fr\/index.php\/page-d-exemple\/\" class=\"more-link\">Lire la suite de<span class=\"screen-reader-text\">\u00ab\u00a0Qui je suis\u00a0\u00bb<\/span><\/a><\/p>\n","protected":false},"author":1,"featured_media":0,"parent":0,"menu_order":0,"comment_status":"closed","ping_status":"open","template":"page-templates\/full-width-builder-bb.php","meta":{"footnotes":""},"class_list":["post-2","page","type-page","status-publish","hentry"],"jetpack_sharing_enabled":true,"_links":{"self":[{"href":"https:\/\/emstudio.fr\/index.php\/wp-json\/wp\/v2\/pages\/2","targetHints":{"allow":["GET"]}}],"collection":[{"href":"https:\/\/emstudio.fr\/index.php\/wp-json\/wp\/v2\/pages"}],"about":[{"href":"https:\/\/emstudio.fr\/index.php\/wp-json\/wp\/v2\/types\/page"}],"author":[{"embeddable":true,"href":"https:\/\/emstudio.fr\/index.php\/wp-json\/wp\/v2\/users\/1"}],"replies":[{"embeddable":true,"href":"https:\/\/emstudio.fr\/index.php\/wp-json\/wp\/v2\/comments?post=2"}],"version-history":[{"count":172,"href":"https:\/\/emstudio.fr\/index.php\/wp-json\/wp\/v2\/pages\/2\/revisions"}],"predecessor-version":[{"id":876,"href":"https:\/\/emstudio.fr\/index.php\/wp-json\/wp\/v2\/pages\/2\/revisions\/876"}],"wp:attachment":[{"href":"https:\/\/emstudio.fr\/index.php\/wp-json\/wp\/v2\/media?parent=2"}],"curies":[{"name":"wp","href":"https:\/\/api.w.org\/{rel}","templated":true}]}}