{"id":713,"date":"2024-01-07T00:39:55","date_gmt":"2024-01-06T23:39:55","guid":{"rendered":"http:\/\/emstudio.fr\/?page_id=713"},"modified":"2024-01-07T00:55:58","modified_gmt":"2024-01-06T23:55:58","slug":"formation","status":"publish","type":"page","link":"https:\/\/emstudio.fr\/index.php\/formation\/","title":{"rendered":"Formation"},"content":{"rendered":"\t\t<div data-elementor-type=\"wp-page\" data-elementor-id=\"713\" class=\"elementor elementor-713\">\n\t\t\t\t\t\t<section class=\"elementor-section elementor-top-section elementor-element elementor-element-d52c9b0 elementor-section-boxed elementor-section-height-default elementor-section-height-default\" data-id=\"d52c9b0\" data-element_type=\"section\">\n\t\t\t\t\t\t<div class=\"elementor-container elementor-column-gap-default\">\n\t\t\t\t\t<div class=\"elementor-column elementor-col-33 elementor-top-column elementor-element elementor-element-456a4b3\" data-id=\"456a4b3\" data-element_type=\"column\">\n\t\t\t<div class=\"elementor-widget-wrap elementor-element-populated\">\n\t\t\t\t\t\t<div class=\"elementor-element elementor-element-d30944b elementor-widget elementor-widget-image\" data-id=\"d30944b\" data-element_type=\"widget\" data-widget_type=\"image.default\">\n\t\t\t\t<div class=\"elementor-widget-container\">\n\t\t\t\t\t\t\t\t\t\t\t\t\t\t\t<img fetchpriority=\"high\" decoding=\"async\" width=\"950\" height=\"950\" src=\"https:\/\/i0.wp.com\/emstudio.fr\/wp-content\/uploads\/2024\/01\/formation-scaled.jpg?fit=950%2C950&amp;ssl=1\" class=\"attachment-large size-large wp-image-718\" alt=\"\" srcset=\"https:\/\/i0.wp.com\/emstudio.fr\/wp-content\/uploads\/2024\/01\/formation-scaled.jpg?w=2560&amp;ssl=1 2560w, https:\/\/i0.wp.com\/emstudio.fr\/wp-content\/uploads\/2024\/01\/formation-scaled.jpg?resize=300%2C300&amp;ssl=1 300w, https:\/\/i0.wp.com\/emstudio.fr\/wp-content\/uploads\/2024\/01\/formation-scaled.jpg?resize=1024%2C1024&amp;ssl=1 1024w, https:\/\/i0.wp.com\/emstudio.fr\/wp-content\/uploads\/2024\/01\/formation-scaled.jpg?resize=150%2C150&amp;ssl=1 150w, https:\/\/i0.wp.com\/emstudio.fr\/wp-content\/uploads\/2024\/01\/formation-scaled.jpg?resize=2000%2C2000&amp;ssl=1 2000w, https:\/\/i0.wp.com\/emstudio.fr\/wp-content\/uploads\/2024\/01\/formation-scaled.jpg?resize=116%2C116&amp;ssl=1 116w, https:\/\/i0.wp.com\/emstudio.fr\/wp-content\/uploads\/2024\/01\/formation-scaled.jpg?resize=1536%2C1536&amp;ssl=1 1536w, https:\/\/i0.wp.com\/emstudio.fr\/wp-content\/uploads\/2024\/01\/formation-scaled.jpg?resize=2048%2C2048&amp;ssl=1 2048w, https:\/\/i0.wp.com\/emstudio.fr\/wp-content\/uploads\/2024\/01\/formation-scaled.jpg?w=1900&amp;ssl=1 1900w\" sizes=\"100vw\" \/>\t\t\t\t\t\t\t\t\t\t\t\t\t\t\t<\/div>\n\t\t\t\t<\/div>\n\t\t\t\t\t<\/div>\n\t\t<\/div>\n\t\t\t\t<div class=\"elementor-column elementor-col-66 elementor-top-column elementor-element elementor-element-0ebe535\" data-id=\"0ebe535\" data-element_type=\"column\">\n\t\t\t<div class=\"elementor-widget-wrap elementor-element-populated\">\n\t\t\t\t\t\t<div class=\"elementor-element elementor-element-d32e152 elementor-widget elementor-widget-text-editor\" data-id=\"d32e152\" data-element_type=\"widget\" data-widget_type=\"text-editor.default\">\n\t\t\t\t<div class=\"elementor-widget-container\">\n\t\t\t\t\t\t\t\t\t<h3><span style=\"text-decoration: underline;\"><strong>Formation Vid\u00e9o<\/strong><\/span><\/h3><p>La vid\u00e9o est devenue un outil incontournable de la communication des entreprises.<\/p><p>Je vous propose d&rsquo;apporter les bases n\u00e9cessaires \u00e0 la r\u00e9alisation de vid\u00e9o de qualit\u00e9 \u00e0 vos \u00e9quipes pour la production de contenus \u00e0 destination de vos r\u00e9seaux sociaux ou sites internet.<\/p>\t\t\t\t\t\t\t\t<\/div>\n\t\t\t\t<\/div>\n\t\t\t\t\t<\/div>\n\t\t<\/div>\n\t\t\t\t\t<\/div>\n\t\t<\/section>\n\t\t\t\t<\/div>\n\t\t","protected":false},"excerpt":{"rendered":"<p>Formation Vid\u00e9o La vid\u00e9o est devenue un outil incontournable de la communication des entreprises. Je vous propose d&rsquo;apporter les bases n\u00e9cessaires \u00e0 la r\u00e9alisation de vid\u00e9o de qualit\u00e9 \u00e0 vos \u00e9quipes pour la production de contenus \u00e0 destination de vos r\u00e9seaux sociaux ou sites internet.<\/p>\n","protected":false},"author":1,"featured_media":0,"parent":0,"menu_order":0,"comment_status":"closed","ping_status":"closed","template":"","meta":{"footnotes":""},"class_list":["post-713","page","type-page","status-publish","hentry"],"jetpack_sharing_enabled":true,"_links":{"self":[{"href":"https:\/\/emstudio.fr\/index.php\/wp-json\/wp\/v2\/pages\/713","targetHints":{"allow":["GET"]}}],"collection":[{"href":"https:\/\/emstudio.fr\/index.php\/wp-json\/wp\/v2\/pages"}],"about":[{"href":"https:\/\/emstudio.fr\/index.php\/wp-json\/wp\/v2\/types\/page"}],"author":[{"embeddable":true,"href":"https:\/\/emstudio.fr\/index.php\/wp-json\/wp\/v2\/users\/1"}],"replies":[{"embeddable":true,"href":"https:\/\/emstudio.fr\/index.php\/wp-json\/wp\/v2\/comments?post=713"}],"version-history":[{"count":7,"href":"https:\/\/emstudio.fr\/index.php\/wp-json\/wp\/v2\/pages\/713\/revisions"}],"predecessor-version":[{"id":724,"href":"https:\/\/emstudio.fr\/index.php\/wp-json\/wp\/v2\/pages\/713\/revisions\/724"}],"wp:attachment":[{"href":"https:\/\/emstudio.fr\/index.php\/wp-json\/wp\/v2\/media?parent=713"}],"curies":[{"name":"wp","href":"https:\/\/api.w.org\/{rel}","templated":true}]}}